{"id":374,"date":"2015-07-15T12:47:48","date_gmt":"2015-07-15T12:47:48","guid":{"rendered":"http:\/\/temp\/?page_id=374"},"modified":"2021-04-06T20:29:36","modified_gmt":"2021-04-06T18:29:36","slug":"contact-2","status":"publish","type":"page","link":"https:\/\/don.vn.cz\/index.php\/contact-2\/","title":{"rendered":"Contact"},"content":{"rendered":"<p>[vc_row css=&#8220;.vc_custom_1442057928317{padding-top: 50px !important;padding-bottom: 40px !important;}&#8220;][vc_column][vc_custom_heading text=&#8220;HELLO!&#8220; font_container=&#8220;tag:h2|font_size:36px|text_align:left|line_height:1em&#8220; google_fonts=&#8220;font_family:Montserrat%3Aregular%2C700|font_style:700%20bold%20regular%3A700%3Anormal&#8220; css=&#8220;.vc_custom_1442057960113{margin-bottom: 40px !important;}&#8220;][vc_column_text]My name is Ond\u0159ej Zeman and I was born in 1986. I am freelance photographer based in Czech Republic, Ro\u017enov pod Radho\u0161t\u011bm. Between 2006 and 2016 I specialized in Rally photography. You can still browse the old galleries on my other website &#8211; <a href=\"http:\/\/www.rallyphotos.cz\">www.rallyphotos.cz<\/a>. Nowadays I specialize in automotive photography.<\/p>\n<p>Get in touch with me using the contacts below.<\/p>\n<p class=\"web\"><strong>Phone:<\/strong> +420 776 580 724<br \/>\n<strong>Email:<\/strong> <a href=\"mailto:don@vn.cz\">don@vn.cz<\/a><br \/>\n<strong>Facebook: <\/strong><a href=\"https:\/\/www.facebook.com\/ondrej.zeman.5\">https:\/\/www.facebook.com\/ondrej.zeman.5<\/a><br \/>\n<strong>Instagram:<\/strong> <a href=\"https:\/\/www.instagram.com\/ondrej.zeman.wrc\/\">https:\/\/www.instagram.com\/ondrej.zeman.wrc\/<\/a><\/p>\n<p>[\/vc_column_text][\/vc_column][\/vc_row][vc_row disable_element=&#8220;yes&#8220;][vc_column width=&#8220;1\/2&#8243;][vc_custom_heading text=&#8220;EMAIL ME&#8220; font_container=&#8220;tag:h3|font_size:26px|text_align:left|line_height:1em&#8220; google_fonts=&#8220;font_family:Montserrat%3Aregular%2C700|font_style:700%20bold%20regular%3A700%3Anormal&#8220; css=&#8220;.vc_custom_1615490144383{margin-bottom: 35px !important;}&#8220;][contact-form-7 id=&#8220;358&#8243;][\/vc_column][vc_column width=&#8220;1\/2&#8243;][\/vc_column][\/vc_row]<\/p>\n","protected":false},"excerpt":{"rendered":"<p>[vc_row css=&#8220;.vc_custom_1442057928317{padding-top: 50px !important;padding-bottom: 40px !important;}&#8220;][vc_column][vc_custom_heading text=&#8220;HELLO!&#8220; font_container=&#8220;tag:h2|font_size:36px|text_align:left|line_height:1em&#8220; google_fonts=&#8220;font_family:Montserrat%3Aregular%2C700|font_style:700%20bold%20regular%3A700%3Anormal&#8220; css=&#8220;.vc_custom_1442057960113{margin-bottom: 40px !important;}&#8220;][vc_column_text]My name is Ond\u0159ej Zeman and I was born in 1986. I am freelance photographer based in Czech Republic, Ro\u017enov pod Radho\u0161t\u011bm. Between 2006 and 2016 I specialized in Rally photography. You can still browse the old galleries on my other website &#8211; www.rallyphotos.cz. [&hellip;]<\/p>\n","protected":false},"author":1,"featured_media":0,"parent":0,"menu_order":0,"comment_status":"closed","ping_status":"closed","template":"","meta":{"_monsterinsights_skip_tracking":false,"_monsterinsights_sitenote_active":false,"_monsterinsights_sitenote_note":"","_monsterinsights_sitenote_category":0,"footnotes":""},"class_list":["post-374","page","type-page","status-publish","hentry"],"_links":{"self":[{"href":"https:\/\/don.vn.cz\/index.php\/wp-json\/wp\/v2\/pages\/374","targetHints":{"allow":["GET"]}}],"collection":[{"href":"https:\/\/don.vn.cz\/index.php\/wp-json\/wp\/v2\/pages"}],"about":[{"href":"https:\/\/don.vn.cz\/index.php\/wp-json\/wp\/v2\/types\/page"}],"author":[{"embeddable":true,"href":"https:\/\/don.vn.cz\/index.php\/wp-json\/wp\/v2\/users\/1"}],"replies":[{"embeddable":true,"href":"https:\/\/don.vn.cz\/index.php\/wp-json\/wp\/v2\/comments?post=374"}],"version-history":[{"count":13,"href":"https:\/\/don.vn.cz\/index.php\/wp-json\/wp\/v2\/pages\/374\/revisions"}],"predecessor-version":[{"id":995,"href":"https:\/\/don.vn.cz\/index.php\/wp-json\/wp\/v2\/pages\/374\/revisions\/995"}],"wp:attachment":[{"href":"https:\/\/don.vn.cz\/index.php\/wp-json\/wp\/v2\/media?parent=374"}],"curies":[{"name":"wp","href":"https:\/\/api.w.org\/{rel}","templated":true}]}}